{"id":661,"date":"2023-02-15T19:55:51","date_gmt":"2023-02-15T19:55:51","guid":{"rendered":"https:\/\/hippoip.com\/?page_id=661"},"modified":"2023-06-09T10:10:39","modified_gmt":"2023-06-09T15:10:39","slug":"services-2","status":"publish","type":"page","link":"https:\/\/hippoip.com\/index.php\/services-2\/","title":{"rendered":"Historique"},"content":{"rendered":"\t\t<div data-elementor-type=\"wp-page\" data-elementor-id=\"661\" class=\"elementor elementor-661\">\n\t\t\t\t\t\t\t\t\t<section class=\"elementor-section elementor-top-section elementor-element elementor-element-9a4f37c elementor-section-boxed elementor-section-height-default elementor-section-height-default\" data-id=\"9a4f37c\" data-element_type=\"section\" data-settings=\"{&quot;background_background&quot;:&quot;classic&quot;}\">\n\t\t\t\t\t\t\t<div class=\"elementor-background-overlay\"><\/div>\n\t\t\t\t\t\t\t<div class=\"elementor-container elementor-column-gap-no\">\n\t\t\t\t\t<div class=\"elementor-column elementor-col-100 elementor-top-column elementor-element elementor-element-61a0549\" data-id=\"61a0549\" data-element_type=\"column\">\n\t\t\t<div class=\"elementor-widget-wrap elementor-element-populated\">\n\t\t\t\t\t\t\t\t<div class=\"elementor-element elementor-element-d2e31a5 elementor-widget elementor-widget-heading\" data-id=\"d2e31a5\" data-element_type=\"widget\" data-widget_type=\"heading.default\">\n\t\t\t\t<div class=\"elementor-widget-container\">\n\t\t\t<style>\/*! elementor - v3.17.0 - 08-11-2023 *\/\n.elementor-heading-title{padding:0;margin:0;line-height:1}.elementor-widget-heading .elementor-heading-title[class*=elementor-size-]>a{color:inherit;font-size:inherit;line-height:inherit}.elementor-widget-heading .elementor-heading-title.elementor-size-small{font-size:15px}.elementor-widget-heading .elementor-heading-title.elementor-size-medium{font-size:19px}.elementor-widget-heading .elementor-heading-title.elementor-size-large{font-size:29px}.elementor-widget-heading .elementor-heading-title.elementor-size-xl{font-size:39px}.elementor-widget-heading .elementor-heading-title.elementor-size-xxl{font-size:59px}<\/style><h1 class=\"elementor-heading-title elementor-size-default\">HISTORIQUE<\/h1>\t\t<\/div>\n\t\t\t\t<\/div>\n\t\t\t\t\t<\/div>\n\t\t<\/div>\n\t\t\t\t\t\t\t<\/div>\n\t\t<\/section>\n\t\t\t\t<section class=\"elementor-section elementor-top-section elementor-element elementor-element-2270e3a elementor-section-boxed elementor-section-height-default elementor-section-height-default\" data-id=\"2270e3a\" data-element_type=\"section\" data-settings=\"{&quot;background_background&quot;:&quot;classic&quot;}\">\n\t\t\t\t\t\t<div class=\"elementor-container elementor-column-gap-default\">\n\t\t\t\t\t<div class=\"elementor-column elementor-col-100 elementor-top-column elementor-element elementor-element-539b0aa\" data-id=\"539b0aa\" data-element_type=\"column\">\n\t\t\t<div class=\"elementor-widget-wrap elementor-element-populated\">\n\t\t\t\t\t\t\t\t<div class=\"elementor-element elementor-element-0a0720f elementor-widget elementor-widget-text-editor\" data-id=\"0a0720f\" data-element_type=\"widget\" data-widget_type=\"text-editor.default\">\n\t\t\t\t<div class=\"elementor-widget-container\">\n\t\t\t<style>\/*! elementor - v3.17.0 - 08-11-2023 *\/\n.elementor-widget-text-editor.elementor-drop-cap-view-stacked .elementor-drop-cap{background-color:#69727d;color:#fff}.elementor-widget-text-editor.elementor-drop-cap-view-framed .elementor-drop-cap{color:#69727d;border:3px solid;background-color:transparent}.elementor-widget-text-editor:not(.elementor-drop-cap-view-default) .elementor-drop-cap{margin-top:8px}.elementor-widget-text-editor:not(.elementor-drop-cap-view-default) .elementor-drop-cap-letter{width:1em;height:1em}.elementor-widget-text-editor .elementor-drop-cap{float:left;text-align:center;line-height:1;font-size:50px}.elementor-widget-text-editor .elementor-drop-cap-letter{display:inline-block}<\/style>\t\t\t\t<p>Conscients que l&rsquo;union fait la force, SIMR et QTI (C\u00f4t\u00e9 T\u00e9l\u00e9com) &amp; Versatel 2.0 unissent leurs forces pour fonder Hippoip Inc<\/p><p>Les deux entreprises, qui \u0153uvrent dans le domaine des t\u00e9l\u00e9communications depuis plusieurs d\u00e9cennies et qui ont toujours eu le souci de faire plaisir \u00e0 leurs clients, ont uni leurs forces pour fonder Hippoip Inc.<\/p><p>Hippoip IP T\u00e9l\u00e9phonie , veut avant tout servir une client\u00e8le souvent oubli\u00e9e, la petite PME.<\/p><p>Offrant des prix abordables en t\u00e9l\u00e9phonie IP, Hippoip concentre ses activit\u00e9s dans la vente, la location et l&rsquo;installation de t\u00e9l\u00e9phonie IP\/Hybride partout au Qu\u00e9bec principalement, mais aussi dans tout le Canada, Les \u00c9tats Unis et l&rsquo;Europe.<\/p><p>\u00a0<\/p>\t\t\t\t\t\t<\/div>\n\t\t\t\t<\/div>\n\t\t\t\t\t<\/div>\n\t\t<\/div>\n\t\t\t\t\t\t\t<\/div>\n\t\t<\/section>\n\t\t\t\t<section class=\"elementor-section elementor-top-section elementor-element elementor-element-3442bec elementor-section-boxed elementor-section-height-default elementor-section-height-default\" data-id=\"3442bec\" data-element_type=\"section\" data-settings=\"{&quot;background_background&quot;:&quot;classic&quot;}\">\n\t\t\t\t\t\t<div class=\"elementor-container elementor-column-gap-no\">\n\t\t\t\t\t<div class=\"elementor-column elementor-col-100 elementor-top-column elementor-element elementor-element-e4cd08c\" data-id=\"e4cd08c\" data-element_type=\"column\">\n\t\t\t<div class=\"elementor-widget-wrap elementor-element-populated\">\n\t\t\t\t\t\t\t\t<div class=\"elementor-element elementor-element-9504c28 elementor-widget elementor-widget-heading\" data-id=\"9504c28\" data-element_type=\"widget\" data-widget_type=\"heading.default\">\n\t\t\t\t<div class=\"elementor-widget-container\">\n\t\t\t<h3 class=\"elementor-heading-title elementor-size-default\">Confiance et valeur <\/h3>\t\t<\/div>\n\t\t\t\t<\/div>\n\t\t\t\t<div class=\"elementor-element elementor-element-fbecbf1 elementor-widget elementor-widget-heading\" data-id=\"fbecbf1\" data-element_type=\"widget\" data-widget_type=\"heading.default\">\n\t\t\t\t<div class=\"elementor-widget-container\">\n\t\t\t<h2 class=\"elementor-heading-title elementor-size-default\">Nos partenaires <\/h2>\t\t<\/div>\n\t\t\t\t<\/div>\n\t\t\t\t<div class=\"elementor-element elementor-element-ddec408 elementor-pagination-position-outside elementor-widget elementor-widget-image-carousel\" data-id=\"ddec408\" data-element_type=\"widget\" data-settings=\"{&quot;slides_to_show&quot;:&quot;4&quot;,&quot;navigation&quot;:&quot;dots&quot;,&quot;slides_to_show_tablet&quot;:&quot;3&quot;,&quot;autoplay&quot;:&quot;yes&quot;,&quot;pause_on_hover&quot;:&quot;yes&quot;,&quot;pause_on_interaction&quot;:&quot;yes&quot;,&quot;autoplay_speed&quot;:5000,&quot;infinite&quot;:&quot;yes&quot;,&quot;speed&quot;:500}\" data-widget_type=\"image-carousel.default\">\n\t\t\t\t<div class=\"elementor-widget-container\">\n\t\t\t<style>\/*! elementor - v3.17.0 - 08-11-2023 *\/\n.elementor-widget-image-carousel .swiper,.elementor-widget-image-carousel .swiper-container{position:static}.elementor-widget-image-carousel .swiper-container .swiper-slide figure,.elementor-widget-image-carousel .swiper .swiper-slide figure{line-height:inherit}.elementor-widget-image-carousel .swiper-slide{text-align:center}.elementor-image-carousel-wrapper:not(.swiper-container-initialized):not(.swiper-initialized) .swiper-slide{max-width:calc(100% \/ var(--e-image-carousel-slides-to-show, 3))}<\/style>\t\t<div class=\"elementor-image-carousel-wrapper swiper\" dir=\"ltr\">\n\t\t\t<div class=\"elementor-image-carousel swiper-wrapper\" aria-live=\"off\">\n\t\t\t\t\t\t\t\t<div class=\"swiper-slide\" role=\"group\" aria-roledescription=\"slide\" aria-label=\"1 sur 12\"><figure class=\"swiper-slide-inner\"><img decoding=\"async\" class=\"swiper-slide-image\" src=\"https:\/\/hippoip.com\/wp-content\/uploads\/2023\/02\/logo-cie-07-150x150.jpg\" alt=\"logo-cie-07\" \/><\/figure><\/div><div class=\"swiper-slide\" role=\"group\" aria-roledescription=\"slide\" aria-label=\"2 sur 12\"><figure class=\"swiper-slide-inner\"><img decoding=\"async\" class=\"swiper-slide-image\" src=\"https:\/\/hippoip.com\/wp-content\/uploads\/2023\/02\/logo-cie-06-150x150.jpg\" alt=\"logo-cie-06\" \/><\/figure><\/div><div class=\"swiper-slide\" role=\"group\" aria-roledescription=\"slide\" aria-label=\"3 sur 12\"><figure class=\"swiper-slide-inner\"><img decoding=\"async\" class=\"swiper-slide-image\" src=\"https:\/\/hippoip.com\/wp-content\/uploads\/2023\/02\/logo-cie-05-150x150.jpg\" alt=\"logo-cie-05\" \/><\/figure><\/div><div class=\"swiper-slide\" role=\"group\" aria-roledescription=\"slide\" aria-label=\"4 sur 12\"><figure class=\"swiper-slide-inner\"><img decoding=\"async\" class=\"swiper-slide-image\" src=\"https:\/\/hippoip.com\/wp-content\/uploads\/2023\/02\/logo-cie-04-150x150.jpg\" alt=\"logo-cie-04\" \/><\/figure><\/div><div class=\"swiper-slide\" role=\"group\" aria-roledescription=\"slide\" aria-label=\"5 sur 12\"><figure class=\"swiper-slide-inner\"><img decoding=\"async\" class=\"swiper-slide-image\" src=\"https:\/\/hippoip.com\/wp-content\/uploads\/2023\/02\/logo-cie-03-150x150.jpg\" alt=\"logo-cie-03\" \/><\/figure><\/div><div class=\"swiper-slide\" role=\"group\" aria-roledescription=\"slide\" aria-label=\"6 sur 12\"><figure class=\"swiper-slide-inner\"><img decoding=\"async\" class=\"swiper-slide-image\" src=\"https:\/\/hippoip.com\/wp-content\/uploads\/2023\/02\/logo-cie-02-150x150.jpg\" alt=\"logo-cie-02\" \/><\/figure><\/div><div class=\"swiper-slide\" role=\"group\" aria-roledescription=\"slide\" aria-label=\"7 sur 12\"><figure class=\"swiper-slide-inner\"><img decoding=\"async\" class=\"swiper-slide-image\" src=\"https:\/\/hippoip.com\/wp-content\/uploads\/2023\/02\/logo-cie-01-150x150.jpg\" alt=\"logo-cie-01\" \/><\/figure><\/div><div class=\"swiper-slide\" role=\"group\" aria-roledescription=\"slide\" aria-label=\"8 sur 12\"><figure class=\"swiper-slide-inner\"><img decoding=\"async\" class=\"swiper-slide-image\" src=\"https:\/\/hippoip.com\/wp-content\/uploads\/2023\/02\/logo-cie-12-150x150.jpg\" alt=\"logo-cie-12\" \/><\/figure><\/div><div class=\"swiper-slide\" role=\"group\" aria-roledescription=\"slide\" aria-label=\"9 sur 12\"><figure class=\"swiper-slide-inner\"><img decoding=\"async\" class=\"swiper-slide-image\" src=\"https:\/\/hippoip.com\/wp-content\/uploads\/2023\/02\/logo-cie-11-150x150.jpg\" alt=\"logo-cie-11\" \/><\/figure><\/div><div class=\"swiper-slide\" role=\"group\" aria-roledescription=\"slide\" aria-label=\"10 sur 12\"><figure class=\"swiper-slide-inner\"><img decoding=\"async\" class=\"swiper-slide-image\" src=\"https:\/\/hippoip.com\/wp-content\/uploads\/2023\/02\/logo-cie-10-150x150.jpg\" alt=\"logo-cie-10\" \/><\/figure><\/div><div class=\"swiper-slide\" role=\"group\" aria-roledescription=\"slide\" aria-label=\"11 sur 12\"><figure class=\"swiper-slide-inner\"><img decoding=\"async\" class=\"swiper-slide-image\" src=\"https:\/\/hippoip.com\/wp-content\/uploads\/2023\/02\/logo-cie-09-150x150.jpg\" alt=\"logo-cie-09\" \/><\/figure><\/div><div class=\"swiper-slide\" role=\"group\" aria-roledescription=\"slide\" aria-label=\"12 sur 12\"><figure class=\"swiper-slide-inner\"><img decoding=\"async\" class=\"swiper-slide-image\" src=\"https:\/\/hippoip.com\/wp-content\/uploads\/2023\/02\/logo-cie-08-150x150.jpg\" alt=\"logo-cie-08\" \/><\/figure><\/div>\t\t\t<\/div>\n\t\t\t\t\t\t\t\n\t\t\t\t\t\t\t\t\t<div class=\"swiper-pagination\"><\/div>\n\t\t\t\t\t\t\t\t\t<\/div>\n\t\t\t\t<\/div>\n\t\t\t\t<\/div>\n\t\t\t\t\t<\/div>\n\t\t<\/div>\n\t\t\t\t\t\t\t<\/div>\n\t\t<\/section>\n\t\t\t\t\t\t\t<\/div>\n\t\t","protected":false},"excerpt":{"rendered":"<p>HISTORIQUE Conscients que l&rsquo;union fait la force, SIMR et QTI (C\u00f4t\u00e9 T\u00e9l\u00e9com) &amp; Versatel 2.0 unissent leurs forces pour fonder Hippoip Inc Les deux entreprises, qui \u0153uvrent dans le domaine des t\u00e9l\u00e9communications depuis plusieurs d\u00e9cennies et qui ont toujours eu le souci de faire plaisir \u00e0 leurs clients, ont uni leurs forces pour fonder Hippoip [&hellip;]<\/p>\n","protected":false},"author":1,"featured_media":0,"parent":0,"menu_order":0,"comment_status":"closed","ping_status":"closed","template":"","meta":{"footnotes":""},"class_list":["post-661","page","type-page","status-publish","hentry"],"yoast_head":"<!-- This site is optimized with the Yoast SEO plugin v23.5 - https:\/\/yoast.com\/wordpress\/plugins\/seo\/ -->\n<title>Historique | Hippoip<\/title>\n<meta name=\"robots\" content=\"index, follow, max-snippet:-1, max-image-preview:large, max-video-preview:-1\" \/>\n<link rel=\"canonical\" href=\"https:\/\/hippoip.com\/index.php\/services-2\/\" \/>\n<meta property=\"og:locale\" content=\"fr_FR\" \/>\n<meta property=\"og:type\" content=\"article\" \/>\n<meta property=\"og:title\" content=\"Historique | Hippoip\" \/>\n<meta property=\"og:description\" content=\"HISTORIQUE Conscients que l&rsquo;union fait la force, SIMR et QTI (C\u00f4t\u00e9 T\u00e9l\u00e9com) &amp; Versatel 2.0 unissent leurs forces pour fonder Hippoip Inc Les deux entreprises, qui \u0153uvrent dans le domaine des t\u00e9l\u00e9communications depuis plusieurs d\u00e9cennies et qui ont toujours eu le souci de faire plaisir \u00e0 leurs clients, ont uni leurs forces pour fonder Hippoip [&hellip;]\" \/>\n<meta property=\"og:url\" content=\"https:\/\/hippoip.com\/index.php\/services-2\/\" \/>\n<meta property=\"og:site_name\" content=\"Hippoip\" \/>\n<meta property=\"article:publisher\" content=\"http:\/\/facebook.com\/hippoip2022\" \/>\n<meta property=\"article:modified_time\" content=\"2023-06-09T15:10:39+00:00\" \/>\n<meta property=\"og:image\" content=\"https:\/\/hippoip.com\/wp-content\/uploads\/2023\/02\/logo-cie-07-150x150.jpg\" \/>\n<meta name=\"twitter:card\" content=\"summary_large_image\" \/>\n<meta name=\"twitter:label1\" content=\"Dur\u00e9e de lecture estim\u00e9e\" \/>\n\t<meta name=\"twitter:data1\" content=\"5 minutes\" \/>\n<script type=\"application\/ld+json\" class=\"yoast-schema-graph\">{\"@context\":\"https:\/\/schema.org\",\"@graph\":[{\"@type\":\"WebPage\",\"@id\":\"https:\/\/hippoip.com\/index.php\/services-2\/\",\"url\":\"https:\/\/hippoip.com\/index.php\/services-2\/\",\"name\":\"Historique | Hippoip\",\"isPartOf\":{\"@id\":\"https:\/\/hippoip.com\/#website\"},\"primaryImageOfPage\":{\"@id\":\"https:\/\/hippoip.com\/index.php\/services-2\/#primaryimage\"},\"image\":{\"@id\":\"https:\/\/hippoip.com\/index.php\/services-2\/#primaryimage\"},\"thumbnailUrl\":\"https:\/\/hippoip.com\/wp-content\/uploads\/2023\/02\/logo-cie-07-150x150.jpg\",\"datePublished\":\"2023-02-15T19:55:51+00:00\",\"dateModified\":\"2023-06-09T15:10:39+00:00\",\"breadcrumb\":{\"@id\":\"https:\/\/hippoip.com\/index.php\/services-2\/#breadcrumb\"},\"inLanguage\":\"fr-FR\",\"potentialAction\":[{\"@type\":\"ReadAction\",\"target\":[\"https:\/\/hippoip.com\/index.php\/services-2\/\"]}]},{\"@type\":\"ImageObject\",\"inLanguage\":\"fr-FR\",\"@id\":\"https:\/\/hippoip.com\/index.php\/services-2\/#primaryimage\",\"url\":\"https:\/\/hippoip.com\/wp-content\/uploads\/2023\/02\/logo-cie-07.jpg\",\"contentUrl\":\"https:\/\/hippoip.com\/wp-content\/uploads\/2023\/02\/logo-cie-07.jpg\",\"width\":250,\"height\":200},{\"@type\":\"BreadcrumbList\",\"@id\":\"https:\/\/hippoip.com\/index.php\/services-2\/#breadcrumb\",\"itemListElement\":[{\"@type\":\"ListItem\",\"position\":1,\"name\":\"Accueil\",\"item\":\"https:\/\/hippoip.com\/index.php\/en\/hippoip\/\"},{\"@type\":\"ListItem\",\"position\":2,\"name\":\"Historique\"}]},{\"@type\":\"WebSite\",\"@id\":\"https:\/\/hippoip.com\/#website\",\"url\":\"https:\/\/hippoip.com\/\",\"name\":\"Hippoip\",\"description\":\"La t\u00e9l\u00e9phonie moderne et simplifi\u00e9e avec Hippoip\",\"publisher\":{\"@id\":\"https:\/\/hippoip.com\/#organization\"},\"alternateName\":\"Hippoip\",\"potentialAction\":[{\"@type\":\"SearchAction\",\"target\":{\"@type\":\"EntryPoint\",\"urlTemplate\":\"https:\/\/hippoip.com\/?s={search_term_string}\"},\"query-input\":{\"@type\":\"PropertyValueSpecification\",\"valueRequired\":true,\"valueName\":\"search_term_string\"}}],\"inLanguage\":\"fr-FR\"},{\"@type\":\"Organization\",\"@id\":\"https:\/\/hippoip.com\/#organization\",\"name\":\"Hippoip\",\"alternateName\":\"hippoip\",\"url\":\"https:\/\/hippoip.com\/\",\"logo\":{\"@type\":\"ImageObject\",\"inLanguage\":\"fr-FR\",\"@id\":\"https:\/\/hippoip.com\/#\/schema\/logo\/image\/\",\"url\":\"https:\/\/hippoip.com\/wp-content\/uploads\/2023\/02\/hippoID-final-01-removebg-preview.png\",\"contentUrl\":\"https:\/\/hippoip.com\/wp-content\/uploads\/2023\/02\/hippoID-final-01-removebg-preview.png\",\"width\":500,\"height\":500,\"caption\":\"Hippoip\"},\"image\":{\"@id\":\"https:\/\/hippoip.com\/#\/schema\/logo\/image\/\"},\"sameAs\":[\"http:\/\/facebook.com\/hippoip2022\"]}]}<\/script>\n<!-- \/ Yoast SEO plugin. -->","yoast_head_json":{"title":"Historique | Hippoip","robots":{"index":"index","follow":"follow","max-snippet":"max-snippet:-1","max-image-preview":"max-image-preview:large","max-video-preview":"max-video-preview:-1"},"canonical":"https:\/\/hippoip.com\/index.php\/services-2\/","og_locale":"fr_FR","og_type":"article","og_title":"Historique | Hippoip","og_description":"HISTORIQUE Conscients que l&rsquo;union fait la force, SIMR et QTI (C\u00f4t\u00e9 T\u00e9l\u00e9com) &amp; Versatel 2.0 unissent leurs forces pour fonder Hippoip Inc Les deux entreprises, qui \u0153uvrent dans le domaine des t\u00e9l\u00e9communications depuis plusieurs d\u00e9cennies et qui ont toujours eu le souci de faire plaisir \u00e0 leurs clients, ont uni leurs forces pour fonder Hippoip [&hellip;]","og_url":"https:\/\/hippoip.com\/index.php\/services-2\/","og_site_name":"Hippoip","article_publisher":"http:\/\/facebook.com\/hippoip2022","article_modified_time":"2023-06-09T15:10:39+00:00","og_image":[{"url":"https:\/\/hippoip.com\/wp-content\/uploads\/2023\/02\/logo-cie-07-150x150.jpg"}],"twitter_card":"summary_large_image","twitter_misc":{"Dur\u00e9e de lecture estim\u00e9e":"5 minutes"},"schema":{"@context":"https:\/\/schema.org","@graph":[{"@type":"WebPage","@id":"https:\/\/hippoip.com\/index.php\/services-2\/","url":"https:\/\/hippoip.com\/index.php\/services-2\/","name":"Historique | Hippoip","isPartOf":{"@id":"https:\/\/hippoip.com\/#website"},"primaryImageOfPage":{"@id":"https:\/\/hippoip.com\/index.php\/services-2\/#primaryimage"},"image":{"@id":"https:\/\/hippoip.com\/index.php\/services-2\/#primaryimage"},"thumbnailUrl":"https:\/\/hippoip.com\/wp-content\/uploads\/2023\/02\/logo-cie-07-150x150.jpg","datePublished":"2023-02-15T19:55:51+00:00","dateModified":"2023-06-09T15:10:39+00:00","breadcrumb":{"@id":"https:\/\/hippoip.com\/index.php\/services-2\/#breadcrumb"},"inLanguage":"fr-FR","potentialAction":[{"@type":"ReadAction","target":["https:\/\/hippoip.com\/index.php\/services-2\/"]}]},{"@type":"ImageObject","inLanguage":"fr-FR","@id":"https:\/\/hippoip.com\/index.php\/services-2\/#primaryimage","url":"https:\/\/hippoip.com\/wp-content\/uploads\/2023\/02\/logo-cie-07.jpg","contentUrl":"https:\/\/hippoip.com\/wp-content\/uploads\/2023\/02\/logo-cie-07.jpg","width":250,"height":200},{"@type":"BreadcrumbList","@id":"https:\/\/hippoip.com\/index.php\/services-2\/#breadcrumb","itemListElement":[{"@type":"ListItem","position":1,"name":"Accueil","item":"https:\/\/hippoip.com\/index.php\/en\/hippoip\/"},{"@type":"ListItem","position":2,"name":"Historique"}]},{"@type":"WebSite","@id":"https:\/\/hippoip.com\/#website","url":"https:\/\/hippoip.com\/","name":"Hippoip","description":"La t\u00e9l\u00e9phonie moderne et simplifi\u00e9e avec Hippoip","publisher":{"@id":"https:\/\/hippoip.com\/#organization"},"alternateName":"Hippoip","potentialAction":[{"@type":"SearchAction","target":{"@type":"EntryPoint","urlTemplate":"https:\/\/hippoip.com\/?s={search_term_string}"},"query-input":{"@type":"PropertyValueSpecification","valueRequired":true,"valueName":"search_term_string"}}],"inLanguage":"fr-FR"},{"@type":"Organization","@id":"https:\/\/hippoip.com\/#organization","name":"Hippoip","alternateName":"hippoip","url":"https:\/\/hippoip.com\/","logo":{"@type":"ImageObject","inLanguage":"fr-FR","@id":"https:\/\/hippoip.com\/#\/schema\/logo\/image\/","url":"https:\/\/hippoip.com\/wp-content\/uploads\/2023\/02\/hippoID-final-01-removebg-preview.png","contentUrl":"https:\/\/hippoip.com\/wp-content\/uploads\/2023\/02\/hippoID-final-01-removebg-preview.png","width":500,"height":500,"caption":"Hippoip"},"image":{"@id":"https:\/\/hippoip.com\/#\/schema\/logo\/image\/"},"sameAs":["http:\/\/facebook.com\/hippoip2022"]}]}},"_links":{"self":[{"href":"https:\/\/hippoip.com\/index.php\/wp-json\/wp\/v2\/pages\/661","targetHints":{"allow":["GET"]}}],"collection":[{"href":"https:\/\/hippoip.com\/index.php\/wp-json\/wp\/v2\/pages"}],"about":[{"href":"https:\/\/hippoip.com\/index.php\/wp-json\/wp\/v2\/types\/page"}],"author":[{"embeddable":true,"href":"https:\/\/hippoip.com\/index.php\/wp-json\/wp\/v2\/users\/1"}],"replies":[{"embeddable":true,"href":"https:\/\/hippoip.com\/index.php\/wp-json\/wp\/v2\/comments?post=661"}],"version-history":[{"count":26,"href":"https:\/\/hippoip.com\/index.php\/wp-json\/wp\/v2\/pages\/661\/revisions"}],"predecessor-version":[{"id":1643,"href":"https:\/\/hippoip.com\/index.php\/wp-json\/wp\/v2\/pages\/661\/revisions\/1643"}],"wp:attachment":[{"href":"https:\/\/hippoip.com\/index.php\/wp-json\/wp\/v2\/media?parent=661"}],"curies":[{"name":"wp","href":"https:\/\/api.w.org\/{rel}","templated":true}]}}