{"id":1093,"date":"2023-02-24T10:24:36","date_gmt":"2023-02-24T10:24:36","guid":{"rendered":"https:\/\/hippoip.com\/?page_id=1093"},"modified":"2023-03-25T09:38:16","modified_gmt":"2023-03-25T14:38:16","slug":"service-request-business-telephony-ip-telephony","status":"publish","type":"page","link":"https:\/\/hippoip.com\/index.php\/en\/service-request-business-telephony-ip-telephony\/","title":{"rendered":"Service Request Eng"},"content":{"rendered":"\t\t<div data-elementor-type=\"wp-page\" data-elementor-id=\"1093\" class=\"elementor elementor-1093\">\n\t\t\t\t\t\t\t\t\t<section class=\"elementor-section elementor-top-section elementor-element elementor-element-505b4e25 elementor-section-boxed elementor-section-height-default elementor-section-height-default\" data-id=\"505b4e25\" data-element_type=\"section\" data-settings=\"{&quot;background_background&quot;:&quot;classic&quot;}\">\n\t\t\t\t\t\t\t<div class=\"elementor-background-overlay\"><\/div>\n\t\t\t\t\t\t\t<div class=\"elementor-container elementor-column-gap-no\">\n\t\t\t\t\t<div class=\"elementor-column elementor-col-100 elementor-top-column elementor-element elementor-element-65c27896\" data-id=\"65c27896\" data-element_type=\"column\">\n\t\t\t<div class=\"elementor-widget-wrap elementor-element-populated\">\n\t\t\t\t\t\t\t\t<div class=\"elementor-element elementor-element-77f63488 elementor-widget elementor-widget-heading\" data-id=\"77f63488\" data-element_type=\"widget\" data-widget_type=\"heading.default\">\n\t\t\t\t<div class=\"elementor-widget-container\">\n\t\t\t<style>\/*! elementor - v3.17.0 - 08-11-2023 *\/\n.elementor-heading-title{padding:0;margin:0;line-height:1}.elementor-widget-heading .elementor-heading-title[class*=elementor-size-]>a{color:inherit;font-size:inherit;line-height:inherit}.elementor-widget-heading .elementor-heading-title.elementor-size-small{font-size:15px}.elementor-widget-heading .elementor-heading-title.elementor-size-medium{font-size:19px}.elementor-widget-heading .elementor-heading-title.elementor-size-large{font-size:29px}.elementor-widget-heading .elementor-heading-title.elementor-size-xl{font-size:39px}.elementor-widget-heading .elementor-heading-title.elementor-size-xxl{font-size:59px}<\/style><h1 class=\"elementor-heading-title elementor-size-default\">Service Request<\/h1>\t\t<\/div>\n\t\t\t\t<\/div>\n\t\t\t\t\t<\/div>\n\t\t<\/div>\n\t\t\t\t\t\t\t<\/div>\n\t\t<\/section>\n\t\t\t\t<section class=\"elementor-section elementor-top-section elementor-element elementor-element-20bdbf6e elementor-section-boxed elementor-section-height-default elementor-section-height-default\" data-id=\"20bdbf6e\" data-element_type=\"section\" data-settings=\"{&quot;background_background&quot;:&quot;classic&quot;}\">\n\t\t\t\t\t\t<div class=\"elementor-container elementor-column-gap-no\">\n\t\t\t\t\t<div class=\"elementor-column elementor-col-100 elementor-top-column elementor-element elementor-element-76d63d57\" data-id=\"76d63d57\" data-element_type=\"column\">\n\t\t\t<div class=\"elementor-widget-wrap elementor-element-populated\">\n\t\t\t\t\t\t\t\t<section class=\"elementor-section elementor-inner-section elementor-element elementor-element-3ae143e8 elementor-section-boxed elementor-section-height-default elementor-section-height-default\" data-id=\"3ae143e8\" data-element_type=\"section\">\n\t\t\t\t\t\t<div class=\"elementor-container elementor-column-gap-no\">\n\t\t\t\t\t<div class=\"elementor-column elementor-col-50 elementor-inner-column elementor-element elementor-element-3c2326c8\" data-id=\"3c2326c8\" data-element_type=\"column\">\n\t\t\t<div class=\"elementor-widget-wrap elementor-element-populated\">\n\t\t\t\t\t\t\t\t<div class=\"elementor-element elementor-element-6cd58b9 elementor-widget elementor-widget-text-editor\" data-id=\"6cd58b9\" data-element_type=\"widget\" data-widget_type=\"text-editor.default\">\n\t\t\t\t<div class=\"elementor-widget-container\">\n\t\t\t<style>\/*! elementor - v3.17.0 - 08-11-2023 *\/\n.elementor-widget-text-editor.elementor-drop-cap-view-stacked .elementor-drop-cap{background-color:#69727d;color:#fff}.elementor-widget-text-editor.elementor-drop-cap-view-framed .elementor-drop-cap{color:#69727d;border:3px solid;background-color:transparent}.elementor-widget-text-editor:not(.elementor-drop-cap-view-default) .elementor-drop-cap{margin-top:8px}.elementor-widget-text-editor:not(.elementor-drop-cap-view-default) .elementor-drop-cap-letter{width:1em;height:1em}.elementor-widget-text-editor .elementor-drop-cap{float:left;text-align:center;line-height:1;font-size:50px}.elementor-widget-text-editor .elementor-drop-cap-letter{display:inline-block}<\/style>\t\t\t\t<p>Whether it\u2019s repairing your current Nortel, Avaya, Samsung, Emetrotel system, we\u2019re here to help. We have parts for your current systems and are able to repair them for a longer lifespan. We also have solutions for upgrading YOUR systems. We will assess with you the solution best suited to YOUR needs.<\/p>\t\t\t\t\t\t<\/div>\n\t\t\t\t<\/div>\n\t\t\t\t<div class=\"elementor-element elementor-element-a3defa8 elementor-widget elementor-widget-wpforms\" data-id=\"a3defa8\" data-element_type=\"widget\" data-widget_type=\"wpforms.default\">\n\t\t\t\t<div class=\"elementor-widget-container\">\n\t\t\t<div class=\"wpforms-container \" id=\"wpforms-1472\"><form id=\"wpforms-form-1472\" class=\"wpforms-validate wpforms-form wpforms-ajax-form\" data-formid=\"1472\" method=\"post\" enctype=\"multipart\/form-data\" action=\"\/index.php\/wp-json\/wp\/v2\/pages\/1093\" data-token=\"c5b438e6f9849500762c534fccd6feb7\" data-token-time=\"1776760258\"><noscript class=\"wpforms-error-noscript\">Veuillez activer JavaScript dans votre navigateur pour remplir ce formulaire.<\/noscript><div class=\"wpforms-field-container\"><div id=\"wpforms-1472-field_7-container\" class=\"wpforms-field wpforms-field-radio\" data-field-id=\"7\"><label class=\"wpforms-field-label\">Priorit\u00e9 <span class=\"wpforms-required-label\">*<\/span><\/label><ul id=\"wpforms-1472-field_7\" class=\"wpforms-field-required\"><li class=\"choice-1 depth-1\"><input type=\"radio\" id=\"wpforms-1472-field_7_1\" name=\"wpforms[fields][7]\" value=\"Urgent (immediate request)\" required ><label class=\"wpforms-field-label-inline\" for=\"wpforms-1472-field_7_1\">Urgent (immediate request)<\/label><\/li><li class=\"choice-2 depth-1\"><input type=\"radio\" id=\"wpforms-1472-field_7_2\" name=\"wpforms[fields][7]\" value=\"Priority (request within 4 hours)\" required ><label class=\"wpforms-field-label-inline\" for=\"wpforms-1472-field_7_2\">Priority (request within 4 hours)<\/label><\/li><li class=\"choice-3 depth-1\"><input type=\"radio\" id=\"wpforms-1472-field_7_3\" name=\"wpforms[fields][7]\" value=\"Normal (request made within 24 \/ 48 working hours)\" required ><label class=\"wpforms-field-label-inline\" for=\"wpforms-1472-field_7_3\">Normal (request made within 24 \/ 48 working hours)<\/label><\/li><li class=\"choice-4 depth-1\"><input type=\"radio\" id=\"wpforms-1472-field_7_4\" name=\"wpforms[fields][7]\" value=\"Non-urgent (request made as soon as possible)\" required ><label class=\"wpforms-field-label-inline\" for=\"wpforms-1472-field_7_4\">Non-urgent (request made as soon as possible)<\/label><\/li><\/ul><\/div><div id=\"wpforms-1472-field_11-container\" class=\"wpforms-field wpforms-field-checkbox\" data-field-id=\"11\"><label class=\"wpforms-field-label\">Checkboxes <span class=\"wpforms-required-label\">*<\/span><\/label><ul id=\"wpforms-1472-field_11\" class=\"wpforms-field-required\"><li class=\"choice-3 depth-1\"><input type=\"checkbox\" id=\"wpforms-1472-field_11_3\" name=\"wpforms[fields][11][]\" value=\"* Note that for an immediate or priority request, additional costs may be added\" required ><label class=\"wpforms-field-label-inline\" for=\"wpforms-1472-field_11_3\">* Note that for an immediate or priority request, additional costs may be added<\/label><\/li><\/ul><\/div><div id=\"wpforms-1472-field_0-container\" class=\"wpforms-field wpforms-field-name\" data-field-id=\"0\"><label class=\"wpforms-field-label\" for=\"wpforms-1472-field_0\">Name   <span class=\"wpforms-required-label\">*<\/span><\/label><input type=\"text\" id=\"wpforms-1472-field_0\" class=\"wpforms-field-medium wpforms-field-required\" name=\"wpforms[fields][0]\" required><\/div><div id=\"wpforms-1472-field_3-container\" class=\"wpforms-field wpforms-field-text\" data-field-id=\"3\"><label class=\"wpforms-field-label\" for=\"wpforms-1472-field_3\">Cie name<\/label><input type=\"text\" id=\"wpforms-1472-field_3\" class=\"wpforms-field-medium\" name=\"wpforms[fields][3]\" ><\/div><div id=\"wpforms-1472-field_4-container\" class=\"wpforms-field wpforms-field-text\" data-field-id=\"4\"><label class=\"wpforms-field-label\" for=\"wpforms-1472-field_4\">Addresse<\/label><input type=\"text\" id=\"wpforms-1472-field_4\" class=\"wpforms-field-medium\" name=\"wpforms[fields][4]\" ><\/div><div id=\"wpforms-1472-field_5-container\" class=\"wpforms-field wpforms-field-text\" data-field-id=\"5\"><label class=\"wpforms-field-label\" for=\"wpforms-1472-field_5\">Town <\/label><input type=\"text\" id=\"wpforms-1472-field_5\" class=\"wpforms-field-medium\" name=\"wpforms[fields][5]\" ><\/div><div id=\"wpforms-1472-field_6-container\" class=\"wpforms-field wpforms-field-text\" data-field-id=\"6\"><label class=\"wpforms-field-label\" for=\"wpforms-1472-field_6\">Phone<\/label><input type=\"text\" id=\"wpforms-1472-field_6\" class=\"wpforms-field-medium\" name=\"wpforms[fields][6]\" ><\/div><div id=\"wpforms-1472-field_1-container\" class=\"wpforms-field wpforms-field-email\" data-field-id=\"1\"><label class=\"wpforms-field-label\" for=\"wpforms-1472-field_1\">Email <span class=\"wpforms-required-label\">*<\/span><\/label><input type=\"email\" id=\"wpforms-1472-field_1\" class=\"wpforms-field-medium wpforms-field-required\" name=\"wpforms[fields][1]\" spellcheck=\"false\" required><\/div><div id=\"wpforms-1472-field_2-container\" class=\"wpforms-field wpforms-field-textarea\" data-field-id=\"2\"><label class=\"wpforms-field-label\" for=\"wpforms-1472-field_2\">Description of your request<\/label><textarea id=\"wpforms-1472-field_2\" class=\"wpforms-field-medium\" name=\"wpforms[fields][2]\" ><\/textarea><\/div><\/div><!-- .wpforms-field-container --><div class=\"wpforms-submit-container\" ><input type=\"hidden\" name=\"wpforms[id]\" value=\"1472\"><input type=\"hidden\" name=\"page_title\" value=\"\"><input type=\"hidden\" name=\"page_url\" value=\"https:\/\/hippoip.com\/index.php\/wp-json\/wp\/v2\/pages\/1093\"><input type=\"hidden\" name=\"url_referer\" value=\"\"><button type=\"submit\" name=\"wpforms[submit]\" id=\"wpforms-submit-1472\" class=\"wpforms-submit\" data-alt-text=\"Sending...\" data-submit-text=\"Send\" aria-live=\"assertive\" value=\"wpforms-submit\">Send<\/button><img loading=\"lazy\" decoding=\"async\" src=\"https:\/\/hippoip.com\/wp-content\/plugins\/wpforms-lite\/assets\/images\/submit-spin.svg\" class=\"wpforms-submit-spinner\" style=\"display: none;\" width=\"26\" height=\"26\" alt=\"Chargement en cours\"><\/div><\/form><\/div>  <!-- .wpforms-container -->\t\t<\/div>\n\t\t\t\t<\/div>\n\t\t\t\t\t<\/div>\n\t\t<\/div>\n\t\t\t\t<div class=\"elementor-column elementor-col-50 elementor-inner-column elementor-element elementor-element-327bbe1d\" data-id=\"327bbe1d\" data-element_type=\"column\">\n\t\t\t<div class=\"elementor-widget-wrap elementor-element-populated\">\n\t\t\t\t\t\t\t\t<div class=\"elementor-element elementor-element-201eb30e elementor-position-top elementor-widget elementor-widget-image-box\" data-id=\"201eb30e\" data-element_type=\"widget\" data-widget_type=\"image-box.default\">\n\t\t\t\t<div class=\"elementor-widget-container\">\n\t\t\t<style>\/*! elementor - v3.17.0 - 08-11-2023 *\/\n.elementor-widget-image-box .elementor-image-box-content{width:100%}@media (min-width:768px){.elementor-widget-image-box.elementor-position-left .elementor-image-box-wrapper,.elementor-widget-image-box.elementor-position-right .elementor-image-box-wrapper{display:flex}.elementor-widget-image-box.elementor-position-right .elementor-image-box-wrapper{text-align:right;flex-direction:row-reverse}.elementor-widget-image-box.elementor-position-left .elementor-image-box-wrapper{text-align:left;flex-direction:row}.elementor-widget-image-box.elementor-position-top .elementor-image-box-img{margin:auto}.elementor-widget-image-box.elementor-vertical-align-top .elementor-image-box-wrapper{align-items:flex-start}.elementor-widget-image-box.elementor-vertical-align-middle .elementor-image-box-wrapper{align-items:center}.elementor-widget-image-box.elementor-vertical-align-bottom .elementor-image-box-wrapper{align-items:flex-end}}@media (max-width:767px){.elementor-widget-image-box .elementor-image-box-img{margin-left:auto!important;margin-right:auto!important;margin-bottom:15px}}.elementor-widget-image-box .elementor-image-box-img{display:inline-block}.elementor-widget-image-box .elementor-image-box-title a{color:inherit}.elementor-widget-image-box .elementor-image-box-wrapper{text-align:center}.elementor-widget-image-box .elementor-image-box-description{margin:0}<\/style><div class=\"elementor-image-box-wrapper\"><figure class=\"elementor-image-box-img\"><img decoding=\"async\" src=\"https:\/\/hippoip.com\/wp-content\/uploads\/elementor\/thumbs\/services-simr-qti-q2mln5dvcfk66rz24laokcpdf0hblnvd0499dquqck.jpg\" title=\"services-simr-qti\" alt=\"services-simr-qti\" loading=\"lazy\" \/><\/figure><div class=\"elementor-image-box-content\"><p class=\"elementor-image-box-description\">Avaya, Samsung, Emetrotel, we're here to help.<br>\n\nWe have parts for your current systems and can repair them for a longer lifespan.\n\nWe also have solutions for upgrading YOUR systems.\n\nWe will assess with you the solution best suited to YOUR needs.\n\nOur strength is being attentive to our customers and offering them a service adapted to THEIR needs.\n\nWe have been in the field of telephony and network cabling for over 25 years.\n\nMany customers ask us what the best technology is, our answer is simple: <b><u><i>the best technology is the one that is best suited to your reality.<\/i><\/u><\/b>\n\nIf you want a quote for an IP phone system, for a commercial or residential phone plan, call us at 418-657-5004 or fill out a service request.\n\nOur team will be happy to advise you.<\/p><\/div><\/div>\t\t<\/div>\n\t\t\t\t<\/div>\n\t\t\t\t\t<\/div>\n\t\t<\/div>\n\t\t\t\t\t\t\t<\/div>\n\t\t<\/section>\n\t\t\t\t\t<\/div>\n\t\t<\/div>\n\t\t\t\t\t\t\t<\/div>\n\t\t<\/section>\n\t\t\t\t\t\t\t<\/div>\n\t\t","protected":false},"excerpt":{"rendered":"<p>Service Request Whether it\u2019s repairing your current Nortel, Avaya, Samsung, Emetrotel system, we\u2019re here to help. We have parts for your current systems and are able to repair them for a longer lifespan. We also have solutions for upgrading YOUR systems. We will assess with you the solution best suited to YOUR needs. Avaya, Samsung, [&hellip;]<\/p>\n","protected":false},"author":1,"featured_media":0,"parent":0,"menu_order":0,"comment_status":"closed","ping_status":"closed","template":"","meta":{"footnotes":""},"class_list":["post-1093","page","type-page","status-publish","hentry"],"yoast_head":"<!-- This site is optimized with the Yoast SEO plugin v23.5 - https:\/\/yoast.com\/wordpress\/plugins\/seo\/ -->\n<title>SERVICE REQUEST | Hippoip | business telephony IP Telephony<\/title>\n<meta name=\"description\" content=\"If you have a SERVICE REQUEST for business telephony IP Telephony an easy business VoIP minute purchases, contact HippoIP.\" \/>\n<meta name=\"robots\" content=\"index, follow, max-snippet:-1, max-image-preview:large, max-video-preview:-1\" \/>\n<link rel=\"canonical\" href=\"https:\/\/hippoip.com\/index.php\/en\/service-request-business-telephony-ip-telephony\/\" \/>\n<meta property=\"og:locale\" content=\"fr_FR\" \/>\n<meta property=\"og:type\" content=\"article\" \/>\n<meta property=\"og:title\" content=\"SERVICE REQUEST | Hippoip | business telephony IP Telephony\" \/>\n<meta property=\"og:description\" content=\"If you have a SERVICE REQUEST for business telephony IP Telephony an easy business VoIP minute purchases, contact HippoIP.\" \/>\n<meta property=\"og:url\" content=\"https:\/\/hippoip.com\/index.php\/en\/service-request-business-telephony-ip-telephony\/\" \/>\n<meta property=\"og:site_name\" content=\"Hippoip\" \/>\n<meta property=\"article:publisher\" content=\"http:\/\/facebook.com\/hippoip2022\" \/>\n<meta property=\"article:modified_time\" content=\"2023-03-25T14:38:16+00:00\" \/>\n<meta property=\"og:image\" content=\"https:\/\/hippoip.com\/wp-content\/uploads\/elementor\/thumbs\/services-simr-qti-q2mln5dvcfk66rz24laokcpdf0hblnvd0499dquqck.jpg\" \/>\n<meta name=\"twitter:card\" content=\"summary_large_image\" \/>\n<meta name=\"twitter:label1\" content=\"Dur\u00e9e de lecture estim\u00e9e\" \/>\n\t<meta name=\"twitter:data1\" content=\"2 minutes\" \/>\n<script type=\"application\/ld+json\" class=\"yoast-schema-graph\">{\"@context\":\"https:\/\/schema.org\",\"@graph\":[{\"@type\":\"WebPage\",\"@id\":\"https:\/\/hippoip.com\/index.php\/en\/service-request-business-telephony-ip-telephony\/\",\"url\":\"https:\/\/hippoip.com\/index.php\/en\/service-request-business-telephony-ip-telephony\/\",\"name\":\"SERVICE REQUEST | Hippoip | business telephony IP Telephony\",\"isPartOf\":{\"@id\":\"https:\/\/hippoip.com\/#website\"},\"primaryImageOfPage\":{\"@id\":\"https:\/\/hippoip.com\/index.php\/en\/service-request-business-telephony-ip-telephony\/#primaryimage\"},\"image\":{\"@id\":\"https:\/\/hippoip.com\/index.php\/en\/service-request-business-telephony-ip-telephony\/#primaryimage\"},\"thumbnailUrl\":\"https:\/\/hippoip.com\/wp-content\/uploads\/elementor\/thumbs\/services-simr-qti-q2mln5dvcfk66rz24laokcpdf0hblnvd0499dquqck.jpg\",\"datePublished\":\"2023-02-24T10:24:36+00:00\",\"dateModified\":\"2023-03-25T14:38:16+00:00\",\"description\":\"If you have a SERVICE REQUEST for business telephony IP Telephony an easy business VoIP minute purchases, contact HippoIP.\",\"breadcrumb\":{\"@id\":\"https:\/\/hippoip.com\/index.php\/en\/service-request-business-telephony-ip-telephony\/#breadcrumb\"},\"inLanguage\":\"fr-FR\",\"potentialAction\":[{\"@type\":\"ReadAction\",\"target\":[\"https:\/\/hippoip.com\/index.php\/en\/service-request-business-telephony-ip-telephony\/\"]}]},{\"@type\":\"ImageObject\",\"inLanguage\":\"fr-FR\",\"@id\":\"https:\/\/hippoip.com\/index.php\/en\/service-request-business-telephony-ip-telephony\/#primaryimage\",\"url\":\"https:\/\/hippoip.com\/wp-content\/uploads\/elementor\/thumbs\/services-simr-qti-q2mln5dvcfk66rz24laokcpdf0hblnvd0499dquqck.jpg\",\"contentUrl\":\"https:\/\/hippoip.com\/wp-content\/uploads\/elementor\/thumbs\/services-simr-qti-q2mln5dvcfk66rz24laokcpdf0hblnvd0499dquqck.jpg\"},{\"@type\":\"BreadcrumbList\",\"@id\":\"https:\/\/hippoip.com\/index.php\/en\/service-request-business-telephony-ip-telephony\/#breadcrumb\",\"itemListElement\":[{\"@type\":\"ListItem\",\"position\":1,\"name\":\"Accueil\",\"item\":\"https:\/\/hippoip.com\/index.php\/en\/hippoip\/\"},{\"@type\":\"ListItem\",\"position\":2,\"name\":\"Service Request Eng\"}]},{\"@type\":\"WebSite\",\"@id\":\"https:\/\/hippoip.com\/#website\",\"url\":\"https:\/\/hippoip.com\/\",\"name\":\"Hippoip\",\"description\":\"La t\u00e9l\u00e9phonie moderne et simplifi\u00e9e avec Hippoip\",\"publisher\":{\"@id\":\"https:\/\/hippoip.com\/#organization\"},\"alternateName\":\"Hippoip\",\"potentialAction\":[{\"@type\":\"SearchAction\",\"target\":{\"@type\":\"EntryPoint\",\"urlTemplate\":\"https:\/\/hippoip.com\/?s={search_term_string}\"},\"query-input\":{\"@type\":\"PropertyValueSpecification\",\"valueRequired\":true,\"valueName\":\"search_term_string\"}}],\"inLanguage\":\"fr-FR\"},{\"@type\":\"Organization\",\"@id\":\"https:\/\/hippoip.com\/#organization\",\"name\":\"Hippoip\",\"alternateName\":\"hippoip\",\"url\":\"https:\/\/hippoip.com\/\",\"logo\":{\"@type\":\"ImageObject\",\"inLanguage\":\"fr-FR\",\"@id\":\"https:\/\/hippoip.com\/#\/schema\/logo\/image\/\",\"url\":\"https:\/\/hippoip.com\/wp-content\/uploads\/2023\/02\/hippoID-final-01-removebg-preview.png\",\"contentUrl\":\"https:\/\/hippoip.com\/wp-content\/uploads\/2023\/02\/hippoID-final-01-removebg-preview.png\",\"width\":500,\"height\":500,\"caption\":\"Hippoip\"},\"image\":{\"@id\":\"https:\/\/hippoip.com\/#\/schema\/logo\/image\/\"},\"sameAs\":[\"http:\/\/facebook.com\/hippoip2022\"]}]}<\/script>\n<!-- \/ Yoast SEO plugin. -->","yoast_head_json":{"title":"SERVICE REQUEST | Hippoip | business telephony IP Telephony","description":"If you have a SERVICE REQUEST for business telephony IP Telephony an easy business VoIP minute purchases, contact HippoIP.","robots":{"index":"index","follow":"follow","max-snippet":"max-snippet:-1","max-image-preview":"max-image-preview:large","max-video-preview":"max-video-preview:-1"},"canonical":"https:\/\/hippoip.com\/index.php\/en\/service-request-business-telephony-ip-telephony\/","og_locale":"fr_FR","og_type":"article","og_title":"SERVICE REQUEST | Hippoip | business telephony IP Telephony","og_description":"If you have a SERVICE REQUEST for business telephony IP Telephony an easy business VoIP minute purchases, contact HippoIP.","og_url":"https:\/\/hippoip.com\/index.php\/en\/service-request-business-telephony-ip-telephony\/","og_site_name":"Hippoip","article_publisher":"http:\/\/facebook.com\/hippoip2022","article_modified_time":"2023-03-25T14:38:16+00:00","og_image":[{"url":"https:\/\/hippoip.com\/wp-content\/uploads\/elementor\/thumbs\/services-simr-qti-q2mln5dvcfk66rz24laokcpdf0hblnvd0499dquqck.jpg"}],"twitter_card":"summary_large_image","twitter_misc":{"Dur\u00e9e de lecture estim\u00e9e":"2 minutes"},"schema":{"@context":"https:\/\/schema.org","@graph":[{"@type":"WebPage","@id":"https:\/\/hippoip.com\/index.php\/en\/service-request-business-telephony-ip-telephony\/","url":"https:\/\/hippoip.com\/index.php\/en\/service-request-business-telephony-ip-telephony\/","name":"SERVICE REQUEST | Hippoip | business telephony IP Telephony","isPartOf":{"@id":"https:\/\/hippoip.com\/#website"},"primaryImageOfPage":{"@id":"https:\/\/hippoip.com\/index.php\/en\/service-request-business-telephony-ip-telephony\/#primaryimage"},"image":{"@id":"https:\/\/hippoip.com\/index.php\/en\/service-request-business-telephony-ip-telephony\/#primaryimage"},"thumbnailUrl":"https:\/\/hippoip.com\/wp-content\/uploads\/elementor\/thumbs\/services-simr-qti-q2mln5dvcfk66rz24laokcpdf0hblnvd0499dquqck.jpg","datePublished":"2023-02-24T10:24:36+00:00","dateModified":"2023-03-25T14:38:16+00:00","description":"If you have a SERVICE REQUEST for business telephony IP Telephony an easy business VoIP minute purchases, contact HippoIP.","breadcrumb":{"@id":"https:\/\/hippoip.com\/index.php\/en\/service-request-business-telephony-ip-telephony\/#breadcrumb"},"inLanguage":"fr-FR","potentialAction":[{"@type":"ReadAction","target":["https:\/\/hippoip.com\/index.php\/en\/service-request-business-telephony-ip-telephony\/"]}]},{"@type":"ImageObject","inLanguage":"fr-FR","@id":"https:\/\/hippoip.com\/index.php\/en\/service-request-business-telephony-ip-telephony\/#primaryimage","url":"https:\/\/hippoip.com\/wp-content\/uploads\/elementor\/thumbs\/services-simr-qti-q2mln5dvcfk66rz24laokcpdf0hblnvd0499dquqck.jpg","contentUrl":"https:\/\/hippoip.com\/wp-content\/uploads\/elementor\/thumbs\/services-simr-qti-q2mln5dvcfk66rz24laokcpdf0hblnvd0499dquqck.jpg"},{"@type":"BreadcrumbList","@id":"https:\/\/hippoip.com\/index.php\/en\/service-request-business-telephony-ip-telephony\/#breadcrumb","itemListElement":[{"@type":"ListItem","position":1,"name":"Accueil","item":"https:\/\/hippoip.com\/index.php\/en\/hippoip\/"},{"@type":"ListItem","position":2,"name":"Service Request Eng"}]},{"@type":"WebSite","@id":"https:\/\/hippoip.com\/#website","url":"https:\/\/hippoip.com\/","name":"Hippoip","description":"La t\u00e9l\u00e9phonie moderne et simplifi\u00e9e avec Hippoip","publisher":{"@id":"https:\/\/hippoip.com\/#organization"},"alternateName":"Hippoip","potentialAction":[{"@type":"SearchAction","target":{"@type":"EntryPoint","urlTemplate":"https:\/\/hippoip.com\/?s={search_term_string}"},"query-input":{"@type":"PropertyValueSpecification","valueRequired":true,"valueName":"search_term_string"}}],"inLanguage":"fr-FR"},{"@type":"Organization","@id":"https:\/\/hippoip.com\/#organization","name":"Hippoip","alternateName":"hippoip","url":"https:\/\/hippoip.com\/","logo":{"@type":"ImageObject","inLanguage":"fr-FR","@id":"https:\/\/hippoip.com\/#\/schema\/logo\/image\/","url":"https:\/\/hippoip.com\/wp-content\/uploads\/2023\/02\/hippoID-final-01-removebg-preview.png","contentUrl":"https:\/\/hippoip.com\/wp-content\/uploads\/2023\/02\/hippoID-final-01-removebg-preview.png","width":500,"height":500,"caption":"Hippoip"},"image":{"@id":"https:\/\/hippoip.com\/#\/schema\/logo\/image\/"},"sameAs":["http:\/\/facebook.com\/hippoip2022"]}]}},"_links":{"self":[{"href":"https:\/\/hippoip.com\/index.php\/wp-json\/wp\/v2\/pages\/1093","targetHints":{"allow":["GET"]}}],"collection":[{"href":"https:\/\/hippoip.com\/index.php\/wp-json\/wp\/v2\/pages"}],"about":[{"href":"https:\/\/hippoip.com\/index.php\/wp-json\/wp\/v2\/types\/page"}],"author":[{"embeddable":true,"href":"https:\/\/hippoip.com\/index.php\/wp-json\/wp\/v2\/users\/1"}],"replies":[{"embeddable":true,"href":"https:\/\/hippoip.com\/index.php\/wp-json\/wp\/v2\/comments?post=1093"}],"version-history":[{"count":24,"href":"https:\/\/hippoip.com\/index.php\/wp-json\/wp\/v2\/pages\/1093\/revisions"}],"predecessor-version":[{"id":1533,"href":"https:\/\/hippoip.com\/index.php\/wp-json\/wp\/v2\/pages\/1093\/revisions\/1533"}],"wp:attachment":[{"href":"https:\/\/hippoip.com\/index.php\/wp-json\/wp\/v2\/media?parent=1093"}],"curies":[{"name":"wp","href":"https:\/\/api.w.org\/{rel}","templated":true}]}}